{"id":3322,"date":"2015-12-09T22:48:46","date_gmt":"2015-12-09T13:48:46","guid":{"rendered":"http:\/\/indietokyo.com\/?page_id=3322"},"modified":"2015-12-09T22:48:46","modified_gmt":"2015-12-09T13:48:46","slug":"%e3%83%a1%e3%83%87%e3%82%a3%e3%82%a2%e6%8e%b2%e8%bc%89","status":"publish","type":"page","link":"https:\/\/indietokyo.com\/?page_id=3322","title":{"rendered":"\u30e1\u30c7\u30a3\u30a2\u63b2\u8f09"},"content":{"rendered":"<div class='wp_social_bookmarking_light'>        <div class=\"wsbl_twitter\"><a href=\"https:\/\/twitter.com\/share\" class=\"twitter-share-button\" data-url=\"https:\/\/indietokyo.com\/?page_id=3322\" data-text=\"\u30e1\u30c7\u30a3\u30a2\u63b2\u8f09\" data-via=\"https:\/\/twitter.com\/IndieTokyo\" data-lang=\"ja\">Tweet<\/a><\/div>        <div class=\"wsbl_facebook_like\"><div id=\"fb-root\"><\/div><fb:like href=\"https:\/\/indietokyo.com\/?page_id=3322\" layout=\"button_count\" action=\"like\" width=\"100\" share=\"true\" show_faces=\"false\" ><\/fb:like><\/div>        <div class=\"wsbl_google_plus_one\"><g:plusone size=\"medium\" annotation=\"bubble\" href=\"https:\/\/indietokyo.com\/?page_id=3322\" ><\/g:plusone><\/div>        <div class=\"wsbl_hatena_button\"><a href=\"\/\/b.hatena.ne.jp\/entry\/https:\/\/indietokyo.com\/?page_id=3322\" class=\"hatena-bookmark-button\" data-hatena-bookmark-title=\"\u30e1\u30c7\u30a3\u30a2\u63b2\u8f09\" data-hatena-bookmark-layout=\"standard\" title=\"\u3053\u306e\u30a8\u30f3\u30c8\u30ea\u30fc\u3092\u306f\u3066\u306a\u30d6\u30c3\u30af\u30de\u30fc\u30af\u306b\u8ffd\u52a0\"> <img loading=\"lazy\" decoding=\"async\" src=\"\/\/b.hatena.ne.jp\/images\/entry-button\/button-only@2x.png\" alt=\"\u3053\u306e\u30a8\u30f3\u30c8\u30ea\u30fc\u3092\u306f\u3066\u306a\u30d6\u30c3\u30af\u30de\u30fc\u30af\u306b\u8ffd\u52a0\" width=\"20\" height=\"20\" style=\"border: none;\" \/><\/a><script type=\"text\/javascript\" src=\"\/\/b.hatena.ne.jp\/js\/bookmark_button.js\" charset=\"utf-8\" async=\"async\"><\/script><\/div><\/div>\n<br class='wp_social_bookmarking_light_clear' \/>\n<p>Le Monde &#8220;le burlesque atypique de l&#8217;excellent r\u00e9alisateur Damien Manivel&#8221;<br \/>\n\u30c0\u30df\u30a2\u30f3\u30fb\u30de\u30cb\u30f4\u30a7\u30eb\u306f\u578b\u306b\u306f\u307e\u3089\u306a\u3044\u30e6\u30fc\u30e2\u30a2\u3092\u898b\u4e8b\u306b\u751f\u307f\u51fa\u3057\u305f<br \/>\n\u30fc\u30002015\u5e744\u670828\u65e5\u3000Le Monde\uff08\u30eb\u30fb\u30e2\u30f3\u30c9\uff09\u7d19<\/p>\n<p>Le Monde &#8220;Un jeune po\u00e8te r\u00e9v\u00e8le le talent burlesque \u00e0 contretemps de Damien Manivel&#8221;<br \/>\n\u300e\u82e5\u304d\u8a69\u4eba\u300f\u306b\u3088\u308a\u30c0\u30df\u30a2\u30f3\u30fb\u30de\u30cb\u30f4\u30a7\u30eb\u306f\u4eca\u307e\u3067\u306b\u306a\u3044\u30e6\u30fc\u30e2\u30a2\u306e\u624d\u3092\u77e5\u3089\u3057\u3081\u305f<br \/>\n\u30fc\u30002015\u5e744\u670828\u65e5\u3000Le Monde\uff08\u30eb\u30fb\u30e2\u30f3\u30c9\uff09\u7d19<\/p>\n<p>Les Cahiers du cin\u00e9ma &#8220;Un jeune po\u00e8te : une com\u00e9die existentialiste&#8221;<br \/>\n\u300e\u82e5\u304d\u8a69\u4eba\u300f\u305d\u308c\u306f\u5b9f\u5b58\u4e3b\u7fa9\u306e\u30b3\u30e1\u30c7\u30a3\u3067\u3042\u308b<br \/>\n\u30fc\u30002015\u5e744\u6708\u3000Les Cahiers du cin\u00e9ma\uff08\u30ab\u30a4\u30a8\u30fb\u30c7\u30e5\u30fb\u30b7\u30cd\u30de\uff09<\/p>\n<p>Les Inrocks &#8220;Un regard ac\u00e9r\u00e9.&#8221; &#8220;Un ton original et amusant&#8221;<br \/>\n\u92ed\u3044\u8996\u70b9\u3001\u72ec\u5275\u7684\u3067\u6109\u5feb\u306a\u30c8\u30fc\u30f3<br \/>\n\u30fc\u30002015\u5e744\u670829\u65e5\u3000Les Inrockuptibles\uff08\u30ec\u30fb\u30b6\u30f3\u30ed\u30c3\u30ad\u30e5\u30d4\u30e5\u30c6\u30a3\u30d6\u30eb\uff09<\/p>\n<p>Les Inrocks &#8221; com\u00e9die slow burn o\u00f9 l&#8217;on s&#8217;amuse de sc\u00e8ne en sc\u00e8ne&#8221;<br \/>\n\u3058\u308f\u3058\u308f\u3068\u3084\u3063\u3066\u304f\u308b\u30b3\u30e1\u30c7\u30a3\u3002\u6211\u3005\u306f\u30b7\u30fc\u30f3\u304c\u79fb\u308a\u3086\u304f\u3054\u3068\u306b\u305d\u306e\u9762\u767d\u3055\u306b\u51fa\u4f1a\u3046\u306e\u3060<br \/>\n\u30fc\u30002015\u5e744\u670829\u65e5\u3000Les Inrockuptibles \uff08\u30ec\u30fb\u30b6\u30f3\u30ed\u30c3\u30ad\u30e5\u30d4\u30e5\u30c6\u30a3\u30d6\u30eb\uff09<\/p>\n<p>Les Inrocks &#8220;Un jeune po\u00e8te c&#8217;est le monde qui met un m\u00e9chant r\u00e2teau \u00e0 la po\u00e9sie&#8221;<br \/>\n\u300e\u82e5\u304d\u8a69\u4eba\u300f\u306f\u307e\u308b\u3067\u8a69\u306b\u5bfe\u3057\u3066\u4e00\u6483\u3092\u98df\u3089\u308f\u3059\u4e16\u306e\u4e2d\u306e\u3088\u3046\u3060<br \/>\n\u30fc\u30002015\u5e744\u670829\u65e5\u3000Les Inrockuptibles \uff08\u30ec\u30fb\u30b6\u30f3\u30ed\u30c3\u30ad\u30e5\u30d4\u30e5\u30c6\u30a3\u30d6\u30eb\uff09<\/p>\n<p>LIBERATION &#8220;Insaisissable extase&#8221;<br \/>\n\u3068\u3089\u3048\u3069\u3053\u308d\u306e\u306a\u3044\u30a8\u30af\u30b9\u30bf\u30b7\u30fc<br \/>\n\u30fc\u30002015\u5e744\u670829\u65e5\u3000\u30ea\u30d9\u30e9\u30b7\u30aa\u30f3\u7d19<\/p>\n<p>TELERAMA &#8220;Ballet cocasse et minimaliste mais jamais frivole&#8221;<br \/>\n\u6ed1\u7a3d\u306a\u30d0\u30ec\u30a8\u3067\u3042\u308a\u306a\u304c\u3089\u30df\u30cb\u30de\u30ea\u30b9\u30c8\u3001\u3057\u304b\u3057\u6c7a\u3057\u3066\u8efd\u3005\u3057\u304f\u306f\u306a\u3044<br \/>\n\u30fc\u30002015\u5e744\u670829\u65e5\u3000T\u00e9l\u00e9rama\uff08\u30c6\u30ec\u30e9\u30de\uff09<\/p>\n<p>CRITIKAT &#8220;Un jeune po\u00e8te trouve sa beaut\u00e9 ailleurs que dans les formats impos\u00e9s et les sc\u00e9narios calibr\u00e9s&#8221;<br \/>\n\u300e\u82e5\u304d\u8a69\u4eba\u300f\u306b\u306f\u898f\u7bc4\u306e\u30d5\u30a9\u30fc\u30de\u30c3\u30c8\u3084\u8a08\u7b97\u3055\u308c\u305f\u30b7\u30ca\u30ea\u30aa\u306b\u306f\u306a\u3044\u7f8e\u3057\u3055\u304c\u3042\u308b<br \/>\n\u30fc\u30002015\u5e744\u670828\u65e5\u3000Critikat\uff08\u30af\u30ea\u30c6\u30a3\u30ab\uff09<\/p>\n<div class='wp_social_bookmarking_light'>        <div class=\"wsbl_twitter\"><a href=\"https:\/\/twitter.com\/share\" class=\"twitter-share-button\" data-url=\"https:\/\/indietokyo.com\/?page_id=3322\" data-text=\"\u30e1\u30c7\u30a3\u30a2\u63b2\u8f09\" data-via=\"https:\/\/twitter.com\/IndieTokyo\" data-lang=\"ja\">Tweet<\/a><\/div>        <div class=\"wsbl_facebook_like\"><div id=\"fb-root\"><\/div><fb:like href=\"https:\/\/indietokyo.com\/?page_id=3322\" layout=\"button_count\" action=\"like\" width=\"100\" share=\"true\" show_faces=\"false\" ><\/fb:like><\/div>        <div class=\"wsbl_google_plus_one\"><g:plusone size=\"medium\" annotation=\"bubble\" href=\"https:\/\/indietokyo.com\/?page_id=3322\" ><\/g:plusone><\/div>        <div class=\"wsbl_hatena_button\"><a href=\"\/\/b.hatena.ne.jp\/entry\/https:\/\/indietokyo.com\/?page_id=3322\" class=\"hatena-bookmark-button\" data-hatena-bookmark-title=\"\u30e1\u30c7\u30a3\u30a2\u63b2\u8f09\" data-hatena-bookmark-layout=\"standard\" title=\"\u3053\u306e\u30a8\u30f3\u30c8\u30ea\u30fc\u3092\u306f\u3066\u306a\u30d6\u30c3\u30af\u30de\u30fc\u30af\u306b\u8ffd\u52a0\"> <img loading=\"lazy\" decoding=\"async\" src=\"\/\/b.hatena.ne.jp\/images\/entry-button\/button-only@2x.png\" alt=\"\u3053\u306e\u30a8\u30f3\u30c8\u30ea\u30fc\u3092\u306f\u3066\u306a\u30d6\u30c3\u30af\u30de\u30fc\u30af\u306b\u8ffd\u52a0\" width=\"20\" height=\"20\" style=\"border: none;\" \/><\/a><script type=\"text\/javascript\" src=\"\/\/b.hatena.ne.jp\/js\/bookmark_button.js\" charset=\"utf-8\" async=\"async\"><\/script><\/div><\/div>\n<br class='wp_social_bookmarking_light_clear' \/>\n","protected":false},"excerpt":{"rendered":"<p>Le Monde &#8220;le burlesque atypique de l&#8217;excellent r\u00e9alisateur Damien Manivel&#8221; \u30c0\u30df\u30a2\u30f3\u30fb\u30de\u30cb\u30f4\u30a7\u30eb\u306f\u578b\u306b\u306f\u307e\u3089\u306a<\/p>\n","protected":false},"author":2,"featured_media":2901,"parent":2572,"menu_order":0,"comment_status":"closed","ping_status":"closed","template":"","meta":{"footnotes":""},"class_list":["post-3322","page","type-page","status-publish","has-post-thumbnail","hentry"],"_links":{"self":[{"href":"https:\/\/indietokyo.com\/index.php?rest_route=\/wp\/v2\/pages\/3322","targetHints":{"allow":["GET"]}}],"collection":[{"href":"https:\/\/indietokyo.com\/index.php?rest_route=\/wp\/v2\/pages"}],"about":[{"href":"https:\/\/indietokyo.com\/index.php?rest_route=\/wp\/v2\/types\/page"}],"author":[{"embeddable":true,"href":"https:\/\/indietokyo.com\/index.php?rest_route=\/wp\/v2\/users\/2"}],"replies":[{"embeddable":true,"href":"https:\/\/indietokyo.com\/index.php?rest_route=%2Fwp%2Fv2%2Fcomments&post=3322"}],"version-history":[{"count":1,"href":"https:\/\/indietokyo.com\/index.php?rest_route=\/wp\/v2\/pages\/3322\/revisions"}],"predecessor-version":[{"id":3323,"href":"https:\/\/indietokyo.com\/index.php?rest_route=\/wp\/v2\/pages\/3322\/revisions\/3323"}],"up":[{"embeddable":true,"href":"https:\/\/indietokyo.com\/index.php?rest_route=\/wp\/v2\/pages\/2572"}],"wp:featuredmedia":[{"embeddable":true,"href":"https:\/\/indietokyo.com\/index.php?rest_route=\/wp\/v2\/media\/2901"}],"wp:attachment":[{"href":"https:\/\/indietokyo.com\/index.php?rest_route=%2Fwp%2Fv2%2Fmedia&parent=3322"}],"curies":[{"name":"wp","href":"https:\/\/api.w.org\/{rel}","templated":true}]}}